{"id":12,"date":"2024-03-18T06:19:20","date_gmt":"2024-03-18T06:19:20","guid":{"rendered":"https:\/\/trust2skills.com\/t2s\/?page_id=12"},"modified":"2024-05-03T21:37:04","modified_gmt":"2024-05-03T20:37:04","slug":"nos-formations","status":"publish","type":"page","link":"https:\/\/trust2skills.com\/t2s\/nos-formations\/","title":{"rendered":"Nos Formations"},"content":{"rendered":"\t\t<div data-elementor-type=\"wp-page\" data-elementor-id=\"12\" class=\"elementor elementor-12\">\n\t\t\t\t<div class=\"elementor-element elementor-element-c72e289 e-flex e-con-boxed e-con e-parent\" data-id=\"c72e289\" data-element_type=\"container\" data-settings=\"{&quot;background_background&quot;:&quot;classic&quot;}\" data-core-v316-plus=\"true\">\n\t\t\t\t\t<div class=\"e-con-inner\">\n\t\t\t\t<div class=\"elementor-element elementor-element-abb9337 elementor-widget elementor-widget-heading\" data-id=\"abb9337\" data-element_type=\"widget\" data-widget_type=\"heading.default\">\n\t\t\t\t<div class=\"elementor-widget-container\">\n\t\t\t<style>\/*! elementor - v3.20.0 - 26-03-2024 *\/\n.elementor-heading-title{padding:0;margin:0;line-height:1}.elementor-widget-heading .elementor-heading-title[class*=elementor-size-]>a{color:inherit;font-size:inherit;line-height:inherit}.elementor-widget-heading .elementor-heading-title.elementor-size-small{font-size:15px}.elementor-widget-heading .elementor-heading-title.elementor-size-medium{font-size:19px}.elementor-widget-heading .elementor-heading-title.elementor-size-large{font-size:29px}.elementor-widget-heading .elementor-heading-title.elementor-size-xl{font-size:39px}.elementor-widget-heading .elementor-heading-title.elementor-size-xxl{font-size:59px}<\/style><h2 class=\"elementor-heading-title elementor-size-default\">Nos Formations<\/h2>\t\t<\/div>\n\t\t\t\t<\/div>\n\t\t\t\t\t<\/div>\n\t\t\t\t<\/div>\n\t\t<div class=\"elementor-element elementor-element-10656f0 e-flex e-con-boxed e-con e-parent\" data-id=\"10656f0\" data-element_type=\"container\" data-settings=\"{&quot;background_background&quot;:&quot;classic&quot;}\" data-core-v316-plus=\"true\">\n\t\t\t\t\t<div class=\"e-con-inner\">\n\t\t<div class=\"elementor-element elementor-element-f185c13 e-con-full e-flex e-con e-child\" data-id=\"f185c13\" data-element_type=\"container\">\n\t\t\t\t<div class=\"elementor-element elementor-element-f894db3 elementor-widget elementor-widget-image\" data-id=\"f894db3\" data-element_type=\"widget\" data-widget_type=\"image.default\">\n\t\t\t\t<div class=\"elementor-widget-container\">\n\t\t\t<style>\/*! elementor - v3.20.0 - 26-03-2024 *\/\n.elementor-widget-image{text-align:center}.elementor-widget-image a{display:inline-block}.elementor-widget-image a img[src$=\".svg\"]{width:48px}.elementor-widget-image img{vertical-align:middle;display:inline-block}<\/style>\t\t\t\t\t\t\t\t\t\t<img fetchpriority=\"high\" decoding=\"async\" width=\"420\" height=\"208\" src=\"https:\/\/trust2skills.com\/t2s\/wp-content\/uploads\/2024\/03\/8.png\" class=\"attachment-large size-large wp-image-26782\" alt=\"\" srcset=\"https:\/\/trust2skills.com\/t2s\/wp-content\/uploads\/2024\/03\/8.png 420w, https:\/\/trust2skills.com\/t2s\/wp-content\/uploads\/2024\/03\/8-300x149.png 300w\" sizes=\"(max-width: 420px) 100vw, 420px\" \/>\t\t\t\t\t\t\t\t\t\t\t\t\t<\/div>\n\t\t\t\t<\/div>\n\t\t\t\t<\/div>\n\t\t\t\t\t<\/div>\n\t\t\t\t<\/div>\n\t\t<div class=\"elementor-element elementor-element-fbea8ca e-con-full e-flex e-con e-parent\" data-id=\"fbea8ca\" data-element_type=\"container\" data-core-v316-plus=\"true\">\n\t\t<div class=\"elementor-element elementor-element-35dfe24 e-con-full e-flex e-con e-child\" data-id=\"35dfe24\" data-element_type=\"container\">\n\t\t\t\t<div class=\"elementor-element elementor-element-3e503a1 elementor-widget elementor-widget-heading\" data-id=\"3e503a1\" data-element_type=\"widget\" data-widget_type=\"heading.default\">\n\t\t\t\t<div class=\"elementor-widget-container\">\n\t\t\t<h2 class=\"elementor-heading-title elementor-size-default\">\u00c0 la carte<\/h2>\t\t<\/div>\n\t\t\t\t<\/div>\n\t\t\t\t<div class=\"elementor-element elementor-element-6be0ee3 elementor-widget elementor-widget-text-editor\" data-id=\"6be0ee3\" data-element_type=\"widget\" data-widget_type=\"text-editor.default\">\n\t\t\t\t<div class=\"elementor-widget-container\">\n\t\t\t<style>\/*! elementor - v3.20.0 - 26-03-2024 *\/\n.elementor-widget-text-editor.elementor-drop-cap-view-stacked .elementor-drop-cap{background-color:#69727d;color:#fff}.elementor-widget-text-editor.elementor-drop-cap-view-framed .elementor-drop-cap{color:#69727d;border:3px solid;background-color:transparent}.elementor-widget-text-editor:not(.elementor-drop-cap-view-default) .elementor-drop-cap{margin-top:8px}.elementor-widget-text-editor:not(.elementor-drop-cap-view-default) .elementor-drop-cap-letter{width:1em;height:1em}.elementor-widget-text-editor .elementor-drop-cap{float:left;text-align:center;line-height:1;font-size:50px}.elementor-widget-text-editor .elementor-drop-cap-letter{display:inline-block}<\/style>\t\t\t\t<p><span id=\"docs-internal-guid-dba1b485-7fff-4998-6d97-209737357ac5\"><span style=\"font-size: 11pt; font-family: Arial, sans-serif; color: #000000; background-color: transparent; font-variant-numeric: normal; font-variant-east-asian: normal; font-variant-alternates: normal; font-variant-position: normal; vertical-align: baseline; white-space-collapse: preserve;\">\u00c0 partir de vos attentes, nous vous proposons une offre de formation taill\u00e9e sur mesure, afin de r\u00e9pondre \u00e0 vos attentes. Il s&rsquo;agit de formations faisant con\u00e7ues pour r\u00e9pondre \u00e0 des attentes sp\u00e9cifiques: Les v\u00f4tres<\/span><\/span><\/p>\t\t\t\t\t\t<\/div>\n\t\t\t\t<\/div>\n\t\t\t\t<\/div>\n\t\t<div class=\"elementor-element elementor-element-8659b49 e-con-full e-flex e-con e-child\" data-id=\"8659b49\" data-element_type=\"container\">\n\t\t\t\t<div class=\"elementor-element elementor-element-ed95495 elementor-widget elementor-widget-heading\" data-id=\"ed95495\" data-element_type=\"widget\" data-widget_type=\"heading.default\">\n\t\t\t\t<div class=\"elementor-widget-container\">\n\t\t\t<h2 class=\"elementor-heading-title elementor-size-default\">Certifiantes<\/h2>\t\t<\/div>\n\t\t\t\t<\/div>\n\t\t\t\t<div class=\"elementor-element elementor-element-2fb9327 elementor-widget elementor-widget-text-editor\" data-id=\"2fb9327\" data-element_type=\"widget\" data-widget_type=\"text-editor.default\">\n\t\t\t\t<div class=\"elementor-widget-container\">\n\t\t\t\t\t\t\t<p><span style=\"font-weight: 400;\">Pr\u00e9parez-vous aux certifications les plus recherch\u00e9es du march\u00e9, et boostez ainsi votre carri\u00e8re<\/span><\/p>\t\t\t\t\t\t<\/div>\n\t\t\t\t<\/div>\n\t\t\t\t<\/div>\n\t\t<div class=\"elementor-element elementor-element-747b767 e-con-full e-flex e-con e-child\" data-id=\"747b767\" data-element_type=\"container\">\n\t\t\t\t<div class=\"elementor-element elementor-element-9655c95 elementor-widget elementor-widget-heading\" data-id=\"9655c95\" data-element_type=\"widget\" data-widget_type=\"heading.default\">\n\t\t\t\t<div class=\"elementor-widget-container\">\n\t\t\t<h2 class=\"elementor-heading-title elementor-size-default\">Parcours<\/h2>\t\t<\/div>\n\t\t\t\t<\/div>\n\t\t\t\t<div class=\"elementor-element elementor-element-19571b4 elementor-widget elementor-widget-text-editor\" data-id=\"19571b4\" data-element_type=\"widget\" data-widget_type=\"text-editor.default\">\n\t\t\t\t<div class=\"elementor-widget-container\">\n\t\t\t\t\t\t\t<p><span style=\"font-weight: 400;\">Pr\u00e9parez-vous \u00e0 un m\u00e9tier sp\u00e9cifique, en apprenant aupr\u00e8s de seniors du domaine. Faites le choix de devenir:<\/span><\/p><p><span style=\"font-weight: 400;\">-Administrateur syst\u00e8me Windows\u00a0<\/span><\/p><p><span style=\"font-weight: 400;\">-Administrateur syst\u00e8me Linux<\/span><\/p><p><span style=\"font-weight: 400;\">-A<\/span><span style=\"font-weight: 400;\">dministrateur syst\u00e8me Infrastructure &amp; Cloud\u00a0<\/span><\/p><p><span style=\"font-weight: 400;\">-Administrateur r\u00e9seaux<\/span><\/p><p><span style=\"font-style: inherit; color: var( --e-global-color-text ); font-family: var( --e-global-typography-text-font-family ), Sans-serif; text-align: var(--text-align); background-color: var(--ast-global-color-4);\">-Consultant en cyber s\u00e9curit\u00e9\u00a0<\/span><\/p><p>\u00a0<\/p>\t\t\t\t\t\t<\/div>\n\t\t\t\t<\/div>\n\t\t\t\t<\/div>\n\t\t\t\t<\/div>\n\t\t<div class=\"elementor-element elementor-element-3a459bc e-con-full e-flex e-con e-parent\" data-id=\"3a459bc\" data-element_type=\"container\" data-core-v316-plus=\"true\">\n\t\t\t\t<div class=\"elementor-element elementor-element-22ed3b8 elementor-widget elementor-widget-text-editor\" data-id=\"22ed3b8\" data-element_type=\"widget\" data-widget_type=\"text-editor.default\">\n\t\t\t\t<div class=\"elementor-widget-container\">\n\t\t\t\t\t\t\t<p>Prenez contact avec nos \u00e9quipes, par\u00a0<a href=\"https:\/\/trust2skills.com\/t2s\/contacts\/\">mail<\/a>\u00a0ou via ce\u00a0<a href=\"https:\/\/docs.google.com\/forms\/d\/e\/1FAIpQLSeRMLlu5WM6LP0hdwlRMqU66jQzLSnH0i8CleDgwQQPOLSWHw\/viewform?usp=pp_url\">formulaire<\/a>\u00a0et, nous serons ravis de vous accompagner.<\/p><p>\u00c0 bient\u00f4t!<\/p>\t\t\t\t\t\t<\/div>\n\t\t\t\t<\/div>\n\t\t\t\t<\/div>\n\t\t\t\t<\/div>\n\t\t","protected":false},"excerpt":{"rendered":"<p>Nos Formations \u00c0 la carte \u00c0 partir de vos attentes, nous vous proposons une offre de formation taill\u00e9e sur mesure, afin de r\u00e9pondre \u00e0 vos attentes. Il s&rsquo;agit de formations faisant con\u00e7ues pour r\u00e9pondre \u00e0 des attentes sp\u00e9cifiques: Les v\u00f4tres Certifiantes Pr\u00e9parez-vous aux certifications les plus recherch\u00e9es du march\u00e9, et boostez ainsi votre carri\u00e8re Parcours [&hellip;]<\/p>\n","protected":false},"author":1,"featured_media":0,"parent":0,"menu_order":0,"comment_status":"closed","ping_status":"closed","template":"","meta":{"om_disable_all_campaigns":false,"_uag_custom_page_level_css":"","_monsterinsights_skip_tracking":false,"_monsterinsights_sitenote_active":false,"_monsterinsights_sitenote_note":"","_monsterinsights_sitenote_category":0,"_uf_show_specific_survey":0,"_uf_disable_surveys":false,"site-sidebar-layout":"no-sidebar","site-content-layout":"page-builder","ast-site-content-layout":"full-width-container","site-content-style":"unboxed","site-sidebar-style":"unboxed","ast-global-header-display":"","ast-banner-title-visibility":"","ast-main-header-display":"","ast-hfb-above-header-display":"","ast-hfb-below-header-display":"","ast-hfb-mobile-header-display":"","site-post-title":"disabled","ast-breadcrumbs-content":"","ast-featured-img":"disabled","footer-sml-layout":"","theme-transparent-header-meta":"","adv-header-id-meta":"","stick-header-meta":"","header-above-stick-meta":"","header-main-stick-meta":"","header-below-stick-meta":"","astra-migrate-meta-layouts":"set","ast-page-background-enabled":"default","ast-page-background-meta":{"desktop":{"background-color":"","background-image":"","background-repeat":"repeat","background-position":"center center","background-size":"auto","background-attachment":"scroll","background-type":"","background-media":"","overlay-type":"","overlay-color":"","overlay-gradient":""},"tablet":{"background-color":"","background-image":"","background-repeat":"repeat","background-position":"center center","background-size":"auto","background-attachment":"scroll","background-type":"","background-media":"","overlay-type":"","overlay-color":"","overlay-gradient":""},"mobile":{"background-color":"","background-image":"","background-repeat":"repeat","background-position":"center center","background-size":"auto","background-attachment":"scroll","background-type":"","background-media":"","overlay-type":"","overlay-color":"","overlay-gradient":""}},"ast-content-background-meta":{"desktop":{"background-color":"var(--ast-global-color-5)","background-image":"","background-repeat":"repeat","background-position":"center center","background-size":"auto","background-attachment":"scroll","background-type":"","background-media":"","overlay-type":"","overlay-color":"","overlay-gradient":""},"tablet":{"background-color":"var(--ast-global-color-5)","background-image":"","background-repeat":"repeat","background-position":"center center","background-size":"auto","background-attachment":"scroll","background-type":"","background-media":"","overlay-type":"","overlay-color":"","overlay-gradient":""},"mobile":{"background-color":"var(--ast-global-color-5)","background-image":"","background-repeat":"repeat","background-position":"center center","background-size":"auto","background-attachment":"scroll","background-type":"","background-media":"","overlay-type":"","overlay-color":"","overlay-gradient":""}},"footnotes":""},"class_list":["post-12","page","type-page","status-publish","hentry"],"aioseo_notices":[],"uagb_featured_image_src":{"full":false,"thumbnail":false,"medium":false,"medium_large":false,"large":false,"1536x1536":false,"2048x2048":false},"uagb_author_info":{"display_name":"theycm","author_link":"https:\/\/trust2skills.com\/t2s\/author\/theycm\/"},"uagb_comment_info":0,"uagb_excerpt":"Nos Formations \u00c0 la carte \u00c0 partir de vos attentes, nous vous proposons une offre de formation taill\u00e9e sur mesure, afin de r\u00e9pondre \u00e0 vos attentes. Il s&rsquo;agit de formations faisant con\u00e7ues pour r\u00e9pondre \u00e0 des attentes sp\u00e9cifiques: Les v\u00f4tres Certifiantes Pr\u00e9parez-vous aux certifications les plus recherch\u00e9es du march\u00e9, et boostez ainsi votre carri\u00e8re Parcours\u2026","_links":{"self":[{"href":"https:\/\/trust2skills.com\/t2s\/wp-json\/wp\/v2\/pages\/12","targetHints":{"allow":["GET"]}}],"collection":[{"href":"https:\/\/trust2skills.com\/t2s\/wp-json\/wp\/v2\/pages"}],"about":[{"href":"https:\/\/trust2skills.com\/t2s\/wp-json\/wp\/v2\/types\/page"}],"author":[{"embeddable":true,"href":"https:\/\/trust2skills.com\/t2s\/wp-json\/wp\/v2\/users\/1"}],"replies":[{"embeddable":true,"href":"https:\/\/trust2skills.com\/t2s\/wp-json\/wp\/v2\/comments?post=12"}],"version-history":[{"count":176,"href":"https:\/\/trust2skills.com\/t2s\/wp-json\/wp\/v2\/pages\/12\/revisions"}],"predecessor-version":[{"id":27474,"href":"https:\/\/trust2skills.com\/t2s\/wp-json\/wp\/v2\/pages\/12\/revisions\/27474"}],"wp:attachment":[{"href":"https:\/\/trust2skills.com\/t2s\/wp-json\/wp\/v2\/media?parent=12"}],"curies":[{"name":"wp","href":"https:\/\/api.w.org\/{rel}","templated":true}]}}