{"id":14,"date":"2024-03-18T06:20:05","date_gmt":"2024-03-18T06:20:05","guid":{"rendered":"https:\/\/trust2skills.com\/t2s\/?page_id=14"},"modified":"2024-03-30T16:04:54","modified_gmt":"2024-03-30T16:04:54","slug":"planning","status":"publish","type":"page","link":"https:\/\/trust2skills.com\/t2s\/planning\/","title":{"rendered":"Planning"},"content":{"rendered":"\t\t<div data-elementor-type=\"wp-page\" data-elementor-id=\"14\" class=\"elementor elementor-14\">\n\t\t\t\t<div class=\"elementor-element elementor-element-81ee10a e-flex e-con-boxed e-con e-parent\" data-id=\"81ee10a\" data-element_type=\"container\" data-settings=\"{&quot;background_background&quot;:&quot;classic&quot;}\" data-core-v316-plus=\"true\">\n\t\t\t\t\t<div class=\"e-con-inner\">\n\t\t\t\t<div class=\"elementor-element elementor-element-30e22eb elementor-widget elementor-widget-heading\" data-id=\"30e22eb\" data-element_type=\"widget\" data-widget_type=\"heading.default\">\n\t\t\t\t<div class=\"elementor-widget-container\">\n\t\t\t<style>\/*! elementor - v3.20.0 - 26-03-2024 *\/\n.elementor-heading-title{padding:0;margin:0;line-height:1}.elementor-widget-heading .elementor-heading-title[class*=elementor-size-]>a{color:inherit;font-size:inherit;line-height:inherit}.elementor-widget-heading .elementor-heading-title.elementor-size-small{font-size:15px}.elementor-widget-heading .elementor-heading-title.elementor-size-medium{font-size:19px}.elementor-widget-heading .elementor-heading-title.elementor-size-large{font-size:29px}.elementor-widget-heading .elementor-heading-title.elementor-size-xl{font-size:39px}.elementor-widget-heading .elementor-heading-title.elementor-size-xxl{font-size:59px}<\/style><h2 class=\"elementor-heading-title elementor-size-default\">Planning<\/h2>\t\t<\/div>\n\t\t\t\t<\/div>\n\t\t\t\t\t<\/div>\n\t\t\t\t<\/div>\n\t\t<div class=\"elementor-element elementor-element-6f1e8ca e-flex e-con-boxed e-con e-parent\" data-id=\"6f1e8ca\" data-element_type=\"container\" data-settings=\"{&quot;background_background&quot;:&quot;classic&quot;}\" data-core-v316-plus=\"true\">\n\t\t\t\t\t<div class=\"e-con-inner\">\n\t\t<div class=\"elementor-element elementor-element-a4b21ec e-con-full e-flex e-con e-child\" data-id=\"a4b21ec\" data-element_type=\"container\">\n\t\t<div class=\"elementor-element elementor-element-8c89b30 e-con-full e-flex e-con e-child\" data-id=\"8c89b30\" data-element_type=\"container\" data-settings=\"{&quot;background_background&quot;:&quot;classic&quot;}\">\n\t\t\t\t<div class=\"elementor-element elementor-element-dc43a79 elementor-view-default elementor-widget elementor-widget-icon\" data-id=\"dc43a79\" data-element_type=\"widget\" data-widget_type=\"icon.default\">\n\t\t\t\t<div class=\"elementor-widget-container\">\n\t\t\t\t\t<div class=\"elementor-icon-wrapper\">\n\t\t\t<div class=\"elementor-icon\">\n\t\t\t<svg aria-hidden=\"true\" class=\"e-font-icon-svg e-fas-book-open\" viewBox=\"0 0 576 512\" xmlns=\"http:\/\/www.w3.org\/2000\/svg\"><path d=\"M542.22 32.05c-54.8 3.11-163.72 14.43-230.96 55.59-4.64 2.84-7.27 7.89-7.27 13.17v363.87c0 11.55 12.63 18.85 23.28 13.49 69.18-34.82 169.23-44.32 218.7-46.92 16.89-.89 30.02-14.43 30.02-30.66V62.75c.01-17.71-15.35-31.74-33.77-30.7zM264.73 87.64C197.5 46.48 88.58 35.17 33.78 32.05 15.36 31.01 0 45.04 0 62.75V400.6c0 16.24 13.13 29.78 30.02 30.66 49.49 2.6 149.59 12.11 218.77 46.95 10.62 5.35 23.21-1.94 23.21-13.46V100.63c0-5.29-2.62-10.14-7.27-12.99z\"><\/path><\/svg>\t\t\t<\/div>\n\t\t<\/div>\n\t\t\t\t<\/div>\n\t\t\t\t<\/div>\n\t\t\t\t<div class=\"elementor-element elementor-element-3334aeb elementor-widget elementor-widget-heading\" data-id=\"3334aeb\" data-element_type=\"widget\" data-widget_type=\"heading.default\">\n\t\t\t\t<div class=\"elementor-widget-container\">\n\t\t\t<h2 class=\"elementor-heading-title elementor-size-default\">Ev\u00e8nements<\/h2>\t\t<\/div>\n\t\t\t\t<\/div>\n\t\t\t\t<div class=\"elementor-element elementor-element-34f98fc elementor-widget elementor-widget-text-editor\" data-id=\"34f98fc\" data-element_type=\"widget\" data-widget_type=\"text-editor.default\">\n\t\t\t\t<div class=\"elementor-widget-container\">\n\t\t\t<style>\/*! elementor - v3.20.0 - 26-03-2024 *\/\n.elementor-widget-text-editor.elementor-drop-cap-view-stacked .elementor-drop-cap{background-color:#69727d;color:#fff}.elementor-widget-text-editor.elementor-drop-cap-view-framed .elementor-drop-cap{color:#69727d;border:3px solid;background-color:transparent}.elementor-widget-text-editor:not(.elementor-drop-cap-view-default) .elementor-drop-cap{margin-top:8px}.elementor-widget-text-editor:not(.elementor-drop-cap-view-default) .elementor-drop-cap-letter{width:1em;height:1em}.elementor-widget-text-editor .elementor-drop-cap{float:left;text-align:center;line-height:1;font-size:50px}.elementor-widget-text-editor .elementor-drop-cap-letter{display:inline-block}<\/style>\t\t\t\t<p>Afin de pouvoir r\u00e9pondre \u00e0 vos attentes, pr\u00e9parez vos questions et rejoignez nos webinars en live<\/p>\t\t\t\t\t\t<\/div>\n\t\t\t\t<\/div>\n\t\t\t\t<div class=\"elementor-element elementor-element-4ad5569 elementor-align-center elementor-widget elementor-widget-button\" data-id=\"4ad5569\" data-element_type=\"widget\" data-widget_type=\"button.default\">\n\t\t\t\t<div class=\"elementor-widget-container\">\n\t\t\t\t\t<div class=\"elementor-button-wrapper\">\n\t\t\t<a class=\"elementor-button elementor-button-link elementor-size-sm elementor-animation-grow\" href=\"#\">\n\t\t\t\t\t\t<span class=\"elementor-button-content-wrapper\">\n\t\t\t\t\t\t<span class=\"elementor-button-text\">More Information<\/span>\n\t\t<\/span>\n\t\t\t\t\t<\/a>\n\t\t<\/div>\n\t\t\t\t<\/div>\n\t\t\t\t<\/div>\n\t\t\t\t<\/div>\n\t\t<div class=\"elementor-element elementor-element-1b9ab42 e-con-full e-flex e-con e-child\" data-id=\"1b9ab42\" data-element_type=\"container\" data-settings=\"{&quot;background_background&quot;:&quot;classic&quot;}\">\n\t\t\t\t<div class=\"elementor-element elementor-element-61ac6e8 elementor-view-default elementor-widget elementor-widget-icon\" data-id=\"61ac6e8\" data-element_type=\"widget\" data-widget_type=\"icon.default\">\n\t\t\t\t<div class=\"elementor-widget-container\">\n\t\t\t\t\t<div class=\"elementor-icon-wrapper\">\n\t\t\t<div class=\"elementor-icon\">\n\t\t\t<svg aria-hidden=\"true\" class=\"e-font-icon-svg e-fab-connectdevelop\" viewBox=\"0 0 576 512\" xmlns=\"http:\/\/www.w3.org\/2000\/svg\"><path d=\"M550.5 241l-50.089-86.786c1.071-2.142 1.875-4.553 1.875-7.232 0-8.036-6.696-14.733-14.732-15.001l-55.447-95.893c.536-1.607 1.071-3.214 1.071-4.821 0-8.571-6.964-15.268-15.268-15.268-4.821 0-8.839 2.143-11.786 5.625H299.518C296.839 18.143 292.821 16 288 16s-8.839 2.143-11.518 5.625H170.411C167.464 18.143 163.447 16 158.625 16c-8.303 0-15.268 6.696-15.268 15.268 0 1.607.536 3.482 1.072 4.821l-55.983 97.233c-5.356 2.41-9.107 7.5-9.107 13.661 0 .535.268 1.071.268 1.607l-53.304 92.143c-7.232 1.339-12.59 7.5-12.59 15 0 7.232 5.089 13.393 12.054 15l55.179 95.358c-.536 1.607-.804 2.946-.804 4.821 0 7.232 5.089 13.393 12.054 14.732l51.697 89.732c-.536 1.607-1.071 3.482-1.071 5.357 0 8.571 6.964 15.268 15.268 15.268 4.821 0 8.839-2.143 11.518-5.357h106.875C279.161 493.857 283.447 496 288 496s8.839-2.143 11.518-5.357h107.143c2.678 2.946 6.696 4.821 10.982 4.821 8.571 0 15.268-6.964 15.268-15.268 0-1.607-.267-2.946-.803-4.285l51.697-90.268c6.964-1.339 12.054-7.5 12.054-14.732 0-1.607-.268-3.214-.804-4.821l54.911-95.358c6.964-1.339 12.322-7.5 12.322-15-.002-7.232-5.092-13.393-11.788-14.732zM153.535 450.732l-43.66-75.803h43.66v75.803zm0-83.839h-43.66c-.268-1.071-.804-2.142-1.339-3.214l44.999-47.41v50.624zm0-62.411l-50.357 53.304c-1.339-.536-2.679-1.34-4.018-1.607L43.447 259.75c.535-1.339.535-2.679.535-4.018s0-2.41-.268-3.482l51.965-90c2.679-.268 5.357-1.072 7.768-2.679l50.089 51.965v92.946zm0-102.322l-45.803-47.41c1.339-2.143 2.143-4.821 2.143-7.767 0-.268-.268-.804-.268-1.072l43.928-15.804v72.053zm0-80.625l-43.66 15.804 43.66-75.536v59.732zm326.519 39.108l.804 1.339L445.5 329.125l-63.75-67.232 98.036-101.518.268.268zM291.75 355.107l11.518 11.786H280.5l11.25-11.786zm-.268-11.25l-83.303-85.446 79.553-84.375 83.036 87.589-79.286 82.232zm5.357 5.893l79.286-82.232 67.5 71.25-5.892 28.125H313.714l-16.875-17.143zM410.411 44.393c1.071.536 2.142 1.072 3.482 1.34l57.857 100.714v.536c0 2.946.803 5.624 2.143 7.767L376.393 256l-83.035-87.589L410.411 44.393zm-9.107-2.143L287.732 162.518l-57.054-60.268 166.339-60h4.287zm-123.483 0c2.678 2.678 6.16 4.285 10.179 4.285s7.5-1.607 10.179-4.285h75L224.786 95.821 173.893 42.25h103.928zm-116.249 5.625l1.071-2.142a33.834 33.834 0 0 0 2.679-.804l51.161 53.84-54.911 19.821V47.875zm0 79.286l60.803-21.964 59.732 63.214-79.553 84.107-40.982-42.053v-83.304zm0 92.678L198 257.607l-36.428 38.304v-76.072zm0 87.858l42.053-44.464 82.768 85.982-17.143 17.678H161.572v-59.196zm6.964 162.053c-1.607-1.607-3.482-2.678-5.893-3.482l-1.071-1.607v-89.732h99.91l-91.607 94.821h-1.339zm129.911 0c-2.679-2.41-6.428-4.285-10.447-4.285s-7.767 1.875-10.447 4.285h-96.429l91.607-94.821h38.304l91.607 94.821H298.447zm120-11.786l-4.286 7.5c-1.339.268-2.41.803-3.482 1.339l-89.196-91.875h114.376l-17.412 83.036zm12.856-22.232l12.858-60.803h21.964l-34.822 60.803zm34.822-68.839h-20.357l4.553-21.16 17.143 18.214c-.535.803-1.071 1.874-1.339 2.946zm66.161-107.411l-55.447 96.697c-1.339.535-2.679 1.071-4.018 1.874l-20.625-21.964 34.554-163.928 45.803 79.286c-.267 1.339-.803 2.678-.803 4.285 0 1.339.268 2.411.536 3.75z\"><\/path><\/svg>\t\t\t<\/div>\n\t\t<\/div>\n\t\t\t\t<\/div>\n\t\t\t\t<\/div>\n\t\t\t\t<div class=\"elementor-element elementor-element-1d3d8ec elementor-widget elementor-widget-heading\" data-id=\"1d3d8ec\" data-element_type=\"widget\" data-widget_type=\"heading.default\">\n\t\t\t\t<div class=\"elementor-widget-container\">\n\t\t\t<h2 class=\"elementor-heading-title elementor-size-default\">Formations<\/h2>\t\t<\/div>\n\t\t\t\t<\/div>\n\t\t\t\t<div class=\"elementor-element elementor-element-5555a65 elementor-widget elementor-widget-text-editor\" data-id=\"5555a65\" data-element_type=\"widget\" data-widget_type=\"text-editor.default\">\n\t\t\t\t<div class=\"elementor-widget-container\">\n\t\t\t\t\t\t\t<p>Vous recherchez le planning des prochaines formations, n&rsquo;h\u00e9sitez pas \u00e0 visiter la page d\u00e9di\u00e9e \u00e0 nos formations.<\/p>\t\t\t\t\t\t<\/div>\n\t\t\t\t<\/div>\n\t\t\t\t<div class=\"elementor-element elementor-element-7264067 elementor-align-center elementor-widget elementor-widget-button\" data-id=\"7264067\" data-element_type=\"widget\" data-widget_type=\"button.default\">\n\t\t\t\t<div class=\"elementor-widget-container\">\n\t\t\t\t\t<div class=\"elementor-button-wrapper\">\n\t\t\t<a class=\"elementor-button elementor-button-link elementor-size-sm elementor-animation-grow\" href=\"#\">\n\t\t\t\t\t\t<span class=\"elementor-button-content-wrapper\">\n\t\t\t\t\t\t<span class=\"elementor-button-text\">More Information<\/span>\n\t\t<\/span>\n\t\t\t\t\t<\/a>\n\t\t<\/div>\n\t\t\t\t<\/div>\n\t\t\t\t<\/div>\n\t\t\t\t<\/div>\n\t\t\t\t<\/div>\n\t\t\t\t\t<\/div>\n\t\t\t\t<\/div>\n\t\t\t\t<\/div>\n\t\t","protected":false},"excerpt":{"rendered":"<p>Planning Ev\u00e8nements Afin de pouvoir r\u00e9pondre \u00e0 vos attentes, pr\u00e9parez vos questions et rejoignez nos webinars en live More Information Formations Vous recherchez le planning des prochaines formations, n&rsquo;h\u00e9sitez pas \u00e0 visiter la page d\u00e9di\u00e9e \u00e0 nos formations. More Information<\/p>\n","protected":false},"author":1,"featured_media":0,"parent":0,"menu_order":0,"comment_status":"closed","ping_status":"closed","template":"","meta":{"om_disable_all_campaigns":false,"_uag_custom_page_level_css":"","_monsterinsights_skip_tracking":false,"_monsterinsights_sitenote_active":false,"_monsterinsights_sitenote_note":"","_monsterinsights_sitenote_category":0,"_uf_show_specific_survey":0,"_uf_disable_surveys":false,"site-sidebar-layout":"no-sidebar","site-content-layout":"page-builder","ast-site-content-layout":"full-width-container","site-content-style":"default","site-sidebar-style":"default","ast-global-header-display":"","ast-banner-title-visibility":"","ast-main-header-display":"","ast-hfb-above-header-display":"","ast-hfb-below-header-display":"","ast-hfb-mobile-header-display":"","site-post-title":"disabled","ast-breadcrumbs-content":"","ast-featured-img":"disabled","footer-sml-layout":"","theme-transparent-header-meta":"","adv-header-id-meta":"","stick-header-meta":"","header-above-stick-meta":"","header-main-stick-meta":"","header-below-stick-meta":"","astra-migrate-meta-layouts":"default","ast-page-background-enabled":"default","ast-page-background-meta":{"desktop":{"background-color":"","background-image":"","background-repeat":"repeat","background-position":"center center","background-size":"auto","background-attachment":"scroll","background-type":"","background-media":"","overlay-type":"","overlay-color":"","overlay-gradient":""},"tablet":{"background-color":"","background-image":"","background-repeat":"repeat","background-position":"center center","background-size":"auto","background-attachment":"scroll","background-type":"","background-media":"","overlay-type":"","overlay-color":"","overlay-gradient":""},"mobile":{"background-color":"","background-image":"","background-repeat":"repeat","background-position":"center center","background-size":"auto","background-attachment":"scroll","background-type":"","background-media":"","overlay-type":"","overlay-color":"","overlay-gradient":""}},"ast-content-background-meta":{"desktop":{"background-color":"var(--ast-global-color-5)","background-image":"","background-repeat":"repeat","background-position":"center center","background-size":"auto","background-attachment":"scroll","background-type":"","background-media":"","overlay-type":"","overlay-color":"","overlay-gradient":""},"tablet":{"background-color":"var(--ast-global-color-5)","background-image":"","background-repeat":"repeat","background-position":"center center","background-size":"auto","background-attachment":"scroll","background-type":"","background-media":"","overlay-type":"","overlay-color":"","overlay-gradient":""},"mobile":{"background-color":"var(--ast-global-color-5)","background-image":"","background-repeat":"repeat","background-position":"center center","background-size":"auto","background-attachment":"scroll","background-type":"","background-media":"","overlay-type":"","overlay-color":"","overlay-gradient":""}},"footnotes":""},"class_list":["post-14","page","type-page","status-publish","hentry"],"aioseo_notices":[],"uagb_featured_image_src":{"full":false,"thumbnail":false,"medium":false,"medium_large":false,"large":false,"1536x1536":false,"2048x2048":false},"uagb_author_info":{"display_name":"theycm","author_link":"https:\/\/trust2skills.com\/t2s\/author\/theycm\/"},"uagb_comment_info":0,"uagb_excerpt":"Planning Ev\u00e8nements Afin de pouvoir r\u00e9pondre \u00e0 vos attentes, pr\u00e9parez vos questions et rejoignez nos webinars en live More Information Formations Vous recherchez le planning des prochaines formations, n&rsquo;h\u00e9sitez pas \u00e0 visiter la page d\u00e9di\u00e9e \u00e0 nos formations. More Information","_links":{"self":[{"href":"https:\/\/trust2skills.com\/t2s\/wp-json\/wp\/v2\/pages\/14","targetHints":{"allow":["GET"]}}],"collection":[{"href":"https:\/\/trust2skills.com\/t2s\/wp-json\/wp\/v2\/pages"}],"about":[{"href":"https:\/\/trust2skills.com\/t2s\/wp-json\/wp\/v2\/types\/page"}],"author":[{"embeddable":true,"href":"https:\/\/trust2skills.com\/t2s\/wp-json\/wp\/v2\/users\/1"}],"replies":[{"embeddable":true,"href":"https:\/\/trust2skills.com\/t2s\/wp-json\/wp\/v2\/comments?post=14"}],"version-history":[{"count":37,"href":"https:\/\/trust2skills.com\/t2s\/wp-json\/wp\/v2\/pages\/14\/revisions"}],"predecessor-version":[{"id":27256,"href":"https:\/\/trust2skills.com\/t2s\/wp-json\/wp\/v2\/pages\/14\/revisions\/27256"}],"wp:attachment":[{"href":"https:\/\/trust2skills.com\/t2s\/wp-json\/wp\/v2\/media?parent=14"}],"curies":[{"name":"wp","href":"https:\/\/api.w.org\/{rel}","templated":true}]}}