{"id":19,"date":"2024-03-18T06:22:00","date_gmt":"2024-03-18T06:22:00","guid":{"rendered":"https:\/\/trust2skills.com\/t2s\/?page_id=19"},"modified":"2024-05-03T21:33:35","modified_gmt":"2024-05-03T20:33:35","slug":"location-de-labs","status":"publish","type":"page","link":"https:\/\/trust2skills.com\/t2s\/location-de-labs\/","title":{"rendered":"Location de labs"},"content":{"rendered":"\t\t<div data-elementor-type=\"wp-page\" data-elementor-id=\"19\" class=\"elementor elementor-19\">\n\t\t\t\t<div class=\"elementor-element elementor-element-c337af9 e-flex e-con-boxed e-con e-parent\" data-id=\"c337af9\" data-element_type=\"container\" data-settings=\"{&quot;background_background&quot;:&quot;classic&quot;}\" data-core-v316-plus=\"true\">\n\t\t\t\t\t<div class=\"e-con-inner\">\n\t\t\t\t<div class=\"elementor-element elementor-element-41b3e36 elementor-widget elementor-widget-heading\" data-id=\"41b3e36\" data-element_type=\"widget\" data-widget_type=\"heading.default\">\n\t\t\t\t<div class=\"elementor-widget-container\">\n\t\t\t<style>\/*! elementor - v3.20.0 - 26-03-2024 *\/\n.elementor-heading-title{padding:0;margin:0;line-height:1}.elementor-widget-heading .elementor-heading-title[class*=elementor-size-]>a{color:inherit;font-size:inherit;line-height:inherit}.elementor-widget-heading .elementor-heading-title.elementor-size-small{font-size:15px}.elementor-widget-heading .elementor-heading-title.elementor-size-medium{font-size:19px}.elementor-widget-heading .elementor-heading-title.elementor-size-large{font-size:29px}.elementor-widget-heading .elementor-heading-title.elementor-size-xl{font-size:39px}.elementor-widget-heading .elementor-heading-title.elementor-size-xxl{font-size:59px}<\/style><h2 class=\"elementor-heading-title elementor-size-default\">Location de labs<\/h2>\t\t<\/div>\n\t\t\t\t<\/div>\n\t\t\t\t\t<\/div>\n\t\t\t\t<\/div>\n\t\t<div class=\"elementor-element elementor-element-1ca3808 e-flex e-con-boxed e-con e-parent\" data-id=\"1ca3808\" data-element_type=\"container\" data-core-v316-plus=\"true\">\n\t\t\t\t\t<div class=\"e-con-inner\">\n\t\t<div class=\"elementor-element elementor-element-7ec9c14 e-con-full e-flex e-con e-child\" data-id=\"7ec9c14\" data-element_type=\"container\">\n\t\t\t\t<div class=\"elementor-element elementor-element-fc4287c elementor-widget elementor-widget-image\" data-id=\"fc4287c\" data-element_type=\"widget\" data-widget_type=\"image.default\">\n\t\t\t\t<div class=\"elementor-widget-container\">\n\t\t\t<style>\/*! elementor - v3.20.0 - 26-03-2024 *\/\n.elementor-widget-image{text-align:center}.elementor-widget-image a{display:inline-block}.elementor-widget-image a img[src$=\".svg\"]{width:48px}.elementor-widget-image img{vertical-align:middle;display:inline-block}<\/style>\t\t\t\t\t\t\t\t\t\t<img fetchpriority=\"high\" decoding=\"async\" width=\"584\" height=\"375\" src=\"https:\/\/trust2skills.com\/t2s\/wp-content\/uploads\/2024\/04\/labrental.png\" class=\"attachment-full size-full wp-image-27337\" alt=\"\" srcset=\"https:\/\/trust2skills.com\/t2s\/wp-content\/uploads\/2024\/04\/labrental.png 584w, https:\/\/trust2skills.com\/t2s\/wp-content\/uploads\/2024\/04\/labrental-300x193.png 300w\" sizes=\"(max-width: 584px) 100vw, 584px\" \/>\t\t\t\t\t\t\t\t\t\t\t\t\t<\/div>\n\t\t\t\t<\/div>\n\t\t\t\t<\/div>\n\t\t<div class=\"elementor-element elementor-element-6c68b01 e-con-full e-flex e-con e-child\" data-id=\"6c68b01\" data-element_type=\"container\">\n\t\t\t\t<div class=\"elementor-element elementor-element-71648ec elementor-widget elementor-widget-text-editor\" data-id=\"71648ec\" data-element_type=\"widget\" data-widget_type=\"text-editor.default\">\n\t\t\t\t<div class=\"elementor-widget-container\">\n\t\t\t<style>\/*! elementor - v3.20.0 - 26-03-2024 *\/\n.elementor-widget-text-editor.elementor-drop-cap-view-stacked .elementor-drop-cap{background-color:#69727d;color:#fff}.elementor-widget-text-editor.elementor-drop-cap-view-framed .elementor-drop-cap{color:#69727d;border:3px solid;background-color:transparent}.elementor-widget-text-editor:not(.elementor-drop-cap-view-default) .elementor-drop-cap{margin-top:8px}.elementor-widget-text-editor:not(.elementor-drop-cap-view-default) .elementor-drop-cap-letter{width:1em;height:1em}.elementor-widget-text-editor .elementor-drop-cap{float:left;text-align:center;line-height:1;font-size:50px}.elementor-widget-text-editor .elementor-drop-cap-letter{display:inline-block}<\/style>\t\t\t\t<p>Dans notre domaine assez technique, il est important de garder la main sur la pratique. C&rsquo;est pour cette raison que nous avons pens\u00e9 \u00e0 mettre \u00e0 votre disposition, des environnements pour vos labs. Ces labs se pr\u00e9sentent sous forme de serveurs physiques, ou de machines virtuelles . Les ressources vous sont reserv\u00e9es et sont disponibles 24\/7 durant la p\u00e9riode de votre utilisation.<\/p><p>\u00a0<\/p><p>Q1: Qui peut utiliser le lab?<\/p><p>R: Le lab est inclus dans nos offres de formation, donc nos apprenants dans une classe y auront acc\u00e8s, d\u00e8s le premier jour. Vous pouvez \u00e9galement louer un lab pour vos sessions personnelles d&rsquo;apprentissage, sur une dur\u00e9e minimale d&rsquo;un mois<\/p><p>\u00a0<\/p><p>Q2: Comment louer un lab?R: Il vous suffit de choisir le type et le nombre de ressources (Serveurs d\u00e9di\u00e9 ou machine virtuelle, nombre d&rsquo;adresse IP Publique et nombre de sous-r\u00e9seaux priv\u00e9 souhait\u00e9) et de communiquer avec notre service commerciale pour finaliser le paiement<\/p><p>\u00a0<\/p><p>Q3: Combien de temps cel\u00e0 prendra?<\/p><p>R: Le lab peut \u00eatre disponible en moins d&rsquo;une heure mais, cel\u00e0 peut prendre jusqu&rsquo;\u00e0 72 heures, en fonction de la disponibilit\u00e9 des ressources et de la demande\u00a0Que vous soyez du monde des r\u00e9seaux, des syst\u00e8mes ou de l&rsquo;infrastructure, nous souhaitons pouvoir r\u00e9pondre \u00e0 vos besoins, choisissez votre type de lab et amusez-vous!<\/p><p>\u00a0<\/p><p>Prenez contact avec nos \u00e9quipes, par\u00a0<a href=\"https:\/\/trust2skills.com\/t2s\/contacts\/\">mail<\/a>\u00a0ou via ce\u00a0<a href=\"https:\/\/docs.google.com\/forms\/d\/e\/1FAIpQLSeRMLlu5WM6LP0hdwlRMqU66jQzLSnH0i8CleDgwQQPOLSWHw\/viewform?usp=pp_url\">formulaire<\/a>\u00a0et, nous serons ravis de vous accompagner.<\/p><p>\u00c0 bient\u00f4t!<\/p>\t\t\t\t\t\t<\/div>\n\t\t\t\t<\/div>\n\t\t\t\t<\/div>\n\t\t\t\t\t<\/div>\n\t\t\t\t<\/div>\n\t\t\t\t<\/div>\n\t\t","protected":false},"excerpt":{"rendered":"<p>Location de labs Dans notre domaine assez technique, il est important de garder la main sur la pratique. C&rsquo;est pour cette raison que nous avons pens\u00e9 \u00e0 mettre \u00e0 votre disposition, des environnements pour vos labs. Ces labs se pr\u00e9sentent sous forme de serveurs physiques, ou de machines virtuelles . Les ressources vous sont reserv\u00e9es [&hellip;]<\/p>\n","protected":false},"author":1,"featured_media":0,"parent":0,"menu_order":0,"comment_status":"closed","ping_status":"closed","template":"","meta":{"om_disable_all_campaigns":false,"_uag_custom_page_level_css":"","_monsterinsights_skip_tracking":false,"_monsterinsights_sitenote_active":false,"_monsterinsights_sitenote_note":"","_monsterinsights_sitenote_category":0,"_uf_show_specific_survey":0,"_uf_disable_surveys":false,"site-sidebar-layout":"no-sidebar","site-content-layout":"page-builder","ast-site-content-layout":"full-width-container","site-content-style":"default","site-sidebar-style":"default","ast-global-header-display":"","ast-banner-title-visibility":"","ast-main-header-display":"","ast-hfb-above-header-display":"","ast-hfb-below-header-display":"","ast-hfb-mobile-header-display":"","site-post-title":"disabled","ast-breadcrumbs-content":"","ast-featured-img":"disabled","footer-sml-layout":"","theme-transparent-header-meta":"","adv-header-id-meta":"","stick-header-meta":"","header-above-stick-meta":"","header-main-stick-meta":"","header-below-stick-meta":"","astra-migrate-meta-layouts":"default","ast-page-background-enabled":"default","ast-page-background-meta":{"desktop":{"background-color":"","background-image":"","background-repeat":"repeat","background-position":"center center","background-size":"auto","background-attachment":"scroll","background-type":"","background-media":"","overlay-type":"","overlay-color":"","overlay-gradient":""},"tablet":{"background-color":"","background-image":"","background-repeat":"repeat","background-position":"center center","background-size":"auto","background-attachment":"scroll","background-type":"","background-media":"","overlay-type":"","overlay-color":"","overlay-gradient":""},"mobile":{"background-color":"","background-image":"","background-repeat":"repeat","background-position":"center center","background-size":"auto","background-attachment":"scroll","background-type":"","background-media":"","overlay-type":"","overlay-color":"","overlay-gradient":""}},"ast-content-background-meta":{"desktop":{"background-color":"var(--ast-global-color-5)","background-image":"","background-repeat":"repeat","background-position":"center center","background-size":"auto","background-attachment":"scroll","background-type":"","background-media":"","overlay-type":"","overlay-color":"","overlay-gradient":""},"tablet":{"background-color":"var(--ast-global-color-5)","background-image":"","background-repeat":"repeat","background-position":"center center","background-size":"auto","background-attachment":"scroll","background-type":"","background-media":"","overlay-type":"","overlay-color":"","overlay-gradient":""},"mobile":{"background-color":"var(--ast-global-color-5)","background-image":"","background-repeat":"repeat","background-position":"center center","background-size":"auto","background-attachment":"scroll","background-type":"","background-media":"","overlay-type":"","overlay-color":"","overlay-gradient":""}},"footnotes":""},"class_list":["post-19","page","type-page","status-publish","hentry"],"aioseo_notices":[],"uagb_featured_image_src":{"full":false,"thumbnail":false,"medium":false,"medium_large":false,"large":false,"1536x1536":false,"2048x2048":false},"uagb_author_info":{"display_name":"theycm","author_link":"https:\/\/trust2skills.com\/t2s\/author\/theycm\/"},"uagb_comment_info":0,"uagb_excerpt":"Location de labs Dans notre domaine assez technique, il est important de garder la main sur la pratique. C&rsquo;est pour cette raison que nous avons pens\u00e9 \u00e0 mettre \u00e0 votre disposition, des environnements pour vos labs. Ces labs se pr\u00e9sentent sous forme de serveurs physiques, ou de machines virtuelles . Les ressources vous sont reserv\u00e9es\u2026","_links":{"self":[{"href":"https:\/\/trust2skills.com\/t2s\/wp-json\/wp\/v2\/pages\/19","targetHints":{"allow":["GET"]}}],"collection":[{"href":"https:\/\/trust2skills.com\/t2s\/wp-json\/wp\/v2\/pages"}],"about":[{"href":"https:\/\/trust2skills.com\/t2s\/wp-json\/wp\/v2\/types\/page"}],"author":[{"embeddable":true,"href":"https:\/\/trust2skills.com\/t2s\/wp-json\/wp\/v2\/users\/1"}],"replies":[{"embeddable":true,"href":"https:\/\/trust2skills.com\/t2s\/wp-json\/wp\/v2\/comments?post=19"}],"version-history":[{"count":31,"href":"https:\/\/trust2skills.com\/t2s\/wp-json\/wp\/v2\/pages\/19\/revisions"}],"predecessor-version":[{"id":27471,"href":"https:\/\/trust2skills.com\/t2s\/wp-json\/wp\/v2\/pages\/19\/revisions\/27471"}],"wp:attachment":[{"href":"https:\/\/trust2skills.com\/t2s\/wp-json\/wp\/v2\/media?parent=19"}],"curies":[{"name":"wp","href":"https:\/\/api.w.org\/{rel}","templated":true}]}}