{"id":26290,"date":"2024-03-19T06:31:23","date_gmt":"2024-03-19T06:31:23","guid":{"rendered":"https:\/\/trust2skills.com\/t2s\/?page_id=26290"},"modified":"2024-05-03T22:13:14","modified_gmt":"2024-05-03T21:13:14","slug":"parcours","status":"publish","type":"page","link":"https:\/\/trust2skills.com\/t2s\/parcours\/","title":{"rendered":"Parcours"},"content":{"rendered":"\t\t<div data-elementor-type=\"wp-page\" data-elementor-id=\"26290\" class=\"elementor elementor-26290\">\n\t\t\t\t<div class=\"elementor-element elementor-element-326e304 e-flex e-con-boxed e-con e-parent\" data-id=\"326e304\" data-element_type=\"container\" data-settings=\"{&quot;background_background&quot;:&quot;classic&quot;}\" data-core-v316-plus=\"true\">\n\t\t\t\t\t<div class=\"e-con-inner\">\n\t\t\t\t<div class=\"elementor-element elementor-element-f9e8eb7 elementor-widget elementor-widget-heading\" data-id=\"f9e8eb7\" data-element_type=\"widget\" data-widget_type=\"heading.default\">\n\t\t\t\t<div class=\"elementor-widget-container\">\n\t\t\t<style>\/*! elementor - v3.20.0 - 26-03-2024 *\/\n.elementor-heading-title{padding:0;margin:0;line-height:1}.elementor-widget-heading .elementor-heading-title[class*=elementor-size-]>a{color:inherit;font-size:inherit;line-height:inherit}.elementor-widget-heading .elementor-heading-title.elementor-size-small{font-size:15px}.elementor-widget-heading .elementor-heading-title.elementor-size-medium{font-size:19px}.elementor-widget-heading .elementor-heading-title.elementor-size-large{font-size:29px}.elementor-widget-heading .elementor-heading-title.elementor-size-xl{font-size:39px}.elementor-widget-heading .elementor-heading-title.elementor-size-xxl{font-size:59px}<\/style><h2 class=\"elementor-heading-title elementor-size-default\">Parcours<\/h2>\t\t<\/div>\n\t\t\t\t<\/div>\n\t\t\t\t\t<\/div>\n\t\t\t\t<\/div>\n\t\t<div class=\"elementor-element elementor-element-5dbc081 e-con-full e-flex e-con e-parent\" data-id=\"5dbc081\" data-element_type=\"container\" data-core-v316-plus=\"true\">\n\t\t\t\t<div class=\"elementor-element elementor-element-70be3b5 elementor-widget elementor-widget-text-editor\" data-id=\"70be3b5\" data-element_type=\"widget\" data-widget_type=\"text-editor.default\">\n\t\t\t\t<div class=\"elementor-widget-container\">\n\t\t\t<style>\/*! elementor - v3.20.0 - 26-03-2024 *\/\n.elementor-widget-text-editor.elementor-drop-cap-view-stacked .elementor-drop-cap{background-color:#69727d;color:#fff}.elementor-widget-text-editor.elementor-drop-cap-view-framed .elementor-drop-cap{color:#69727d;border:3px solid;background-color:transparent}.elementor-widget-text-editor:not(.elementor-drop-cap-view-default) .elementor-drop-cap{margin-top:8px}.elementor-widget-text-editor:not(.elementor-drop-cap-view-default) .elementor-drop-cap-letter{width:1em;height:1em}.elementor-widget-text-editor .elementor-drop-cap{float:left;text-align:center;line-height:1;font-size:50px}.elementor-widget-text-editor .elementor-drop-cap-letter{display:inline-block}<\/style>\t\t\t\t<p>Un peu de patience!<\/p><p>Nos \u00e9quipes travaillent \u00e0 vous proposer un parcours de formation r\u00e9pondant \u00e0 vos attentes et aux besoins du march\u00e9.<\/p><p>\u00a0<\/p><p>Prenez contact avec nos \u00e9quipes, par\u00a0<a href=\"https:\/\/trust2skills.com\/t2s\/contacts\/\">mail<\/a>\u00a0ou via ce\u00a0<a href=\"https:\/\/docs.google.com\/forms\/d\/e\/1FAIpQLSeRMLlu5WM6LP0hdwlRMqU66jQzLSnH0i8CleDgwQQPOLSWHw\/viewform?usp=pp_url\">formulaire<\/a>\u00a0et, nous serons ravis de vous accompagner.<\/p><p>\u00c0 bient\u00f4t!<\/p>\t\t\t\t\t\t<\/div>\n\t\t\t\t<\/div>\n\t\t\t\t<\/div>\n\t\t\t\t<\/div>\n\t\t","protected":false},"excerpt":{"rendered":"<p>Parcours Un peu de patience! Nos \u00e9quipes travaillent \u00e0 vous proposer un parcours de formation r\u00e9pondant \u00e0 vos attentes et aux besoins du march\u00e9. \u00a0 Prenez contact avec nos \u00e9quipes, par\u00a0mail\u00a0ou via ce\u00a0formulaire\u00a0et, nous serons ravis de vous accompagner. \u00c0 bient\u00f4t!<\/p>\n","protected":false},"author":1,"featured_media":0,"parent":0,"menu_order":0,"comment_status":"closed","ping_status":"closed","template":"","meta":{"om_disable_all_campaigns":false,"_uag_custom_page_level_css":"","_monsterinsights_skip_tracking":false,"_monsterinsights_sitenote_active":false,"_monsterinsights_sitenote_note":"","_monsterinsights_sitenote_category":0,"_uf_show_specific_survey":0,"_uf_disable_surveys":false,"site-sidebar-layout":"no-sidebar","site-content-layout":"page-builder","ast-site-content-layout":"full-width-container","site-content-style":"default","site-sidebar-style":"default","ast-global-header-display":"","ast-banner-title-visibility":"","ast-main-header-display":"","ast-hfb-above-header-display":"","ast-hfb-below-header-display":"","ast-hfb-mobile-header-display":"","site-post-title":"disabled","ast-breadcrumbs-content":"","ast-featured-img":"disabled","footer-sml-layout":"","theme-transparent-header-meta":"","adv-header-id-meta":"","stick-header-meta":"","header-above-stick-meta":"","header-main-stick-meta":"","header-below-stick-meta":"","astra-migrate-meta-layouts":"set","ast-page-background-enabled":"default","ast-page-background-meta":{"desktop":{"background-color":"","background-image":"","background-repeat":"repeat","background-position":"center center","background-size":"auto","background-attachment":"scroll","background-type":"","background-media":"","overlay-type":"","overlay-color":"","overlay-gradient":""},"tablet":{"background-color":"","background-image":"","background-repeat":"repeat","background-position":"center center","background-size":"auto","background-attachment":"scroll","background-type":"","background-media":"","overlay-type":"","overlay-color":"","overlay-gradient":""},"mobile":{"background-color":"","background-image":"","background-repeat":"repeat","background-position":"center center","background-size":"auto","background-attachment":"scroll","background-type":"","background-media":"","overlay-type":"","overlay-color":"","overlay-gradient":""}},"ast-content-background-meta":{"desktop":{"background-color":"var(--ast-global-color-5)","background-image":"","background-repeat":"repeat","background-position":"center center","background-size":"auto","background-attachment":"scroll","background-type":"","background-media":"","overlay-type":"","overlay-color":"","overlay-gradient":""},"tablet":{"background-color":"var(--ast-global-color-5)","background-image":"","background-repeat":"repeat","background-position":"center center","background-size":"auto","background-attachment":"scroll","background-type":"","background-media":"","overlay-type":"","overlay-color":"","overlay-gradient":""},"mobile":{"background-color":"var(--ast-global-color-5)","background-image":"","background-repeat":"repeat","background-position":"center center","background-size":"auto","background-attachment":"scroll","background-type":"","background-media":"","overlay-type":"","overlay-color":"","overlay-gradient":""}},"footnotes":""},"class_list":["post-26290","page","type-page","status-publish","hentry"],"aioseo_notices":[],"uagb_featured_image_src":{"full":false,"thumbnail":false,"medium":false,"medium_large":false,"large":false,"1536x1536":false,"2048x2048":false},"uagb_author_info":{"display_name":"theycm","author_link":"https:\/\/trust2skills.com\/t2s\/author\/theycm\/"},"uagb_comment_info":0,"uagb_excerpt":"Parcours Un peu de patience! Nos \u00e9quipes travaillent \u00e0 vous proposer un parcours de formation r\u00e9pondant \u00e0 vos attentes et aux besoins du march\u00e9. \u00a0 Prenez contact avec nos \u00e9quipes, par\u00a0mail\u00a0ou via ce\u00a0formulaire\u00a0et, nous serons ravis de vous accompagner. \u00c0 bient\u00f4t!","_links":{"self":[{"href":"https:\/\/trust2skills.com\/t2s\/wp-json\/wp\/v2\/pages\/26290","targetHints":{"allow":["GET"]}}],"collection":[{"href":"https:\/\/trust2skills.com\/t2s\/wp-json\/wp\/v2\/pages"}],"about":[{"href":"https:\/\/trust2skills.com\/t2s\/wp-json\/wp\/v2\/types\/page"}],"author":[{"embeddable":true,"href":"https:\/\/trust2skills.com\/t2s\/wp-json\/wp\/v2\/users\/1"}],"replies":[{"embeddable":true,"href":"https:\/\/trust2skills.com\/t2s\/wp-json\/wp\/v2\/comments?post=26290"}],"version-history":[{"count":28,"href":"https:\/\/trust2skills.com\/t2s\/wp-json\/wp\/v2\/pages\/26290\/revisions"}],"predecessor-version":[{"id":27489,"href":"https:\/\/trust2skills.com\/t2s\/wp-json\/wp\/v2\/pages\/26290\/revisions\/27489"}],"wp:attachment":[{"href":"https:\/\/trust2skills.com\/t2s\/wp-json\/wp\/v2\/media?parent=26290"}],"curies":[{"name":"wp","href":"https:\/\/api.w.org\/{rel}","templated":true}]}}