{"id":26498,"date":"2024-03-20T04:20:31","date_gmt":"2024-03-20T04:20:31","guid":{"rendered":"https:\/\/trust2skills.com\/t2s\/?page_id=26498"},"modified":"2024-05-03T10:02:26","modified_gmt":"2024-05-03T09:02:26","slug":"coaching-de-carriere","status":"publish","type":"page","link":"https:\/\/trust2skills.com\/t2s\/coaching-de-carriere\/","title":{"rendered":"Coaching de carri\u00e8re"},"content":{"rendered":"\t\t<div data-elementor-type=\"wp-page\" data-elementor-id=\"26498\" class=\"elementor elementor-26498\">\n\t\t\t\t<div class=\"elementor-element elementor-element-be7c4b6 e-flex e-con-boxed e-con e-parent\" data-id=\"be7c4b6\" data-element_type=\"container\" data-settings=\"{&quot;background_background&quot;:&quot;classic&quot;}\" data-core-v316-plus=\"true\">\n\t\t\t\t\t<div class=\"e-con-inner\">\n\t\t\t\t<div class=\"elementor-element elementor-element-ec334e7 elementor-widget elementor-widget-heading\" data-id=\"ec334e7\" data-element_type=\"widget\" data-widget_type=\"heading.default\">\n\t\t\t\t<div class=\"elementor-widget-container\">\n\t\t\t<style>\/*! elementor - v3.20.0 - 26-03-2024 *\/\n.elementor-heading-title{padding:0;margin:0;line-height:1}.elementor-widget-heading .elementor-heading-title[class*=elementor-size-]>a{color:inherit;font-size:inherit;line-height:inherit}.elementor-widget-heading .elementor-heading-title.elementor-size-small{font-size:15px}.elementor-widget-heading .elementor-heading-title.elementor-size-medium{font-size:19px}.elementor-widget-heading .elementor-heading-title.elementor-size-large{font-size:29px}.elementor-widget-heading .elementor-heading-title.elementor-size-xl{font-size:39px}.elementor-widget-heading .elementor-heading-title.elementor-size-xxl{font-size:59px}<\/style><h2 class=\"elementor-heading-title elementor-size-default\">Coaching de carri\u00e8re<\/h2>\t\t<\/div>\n\t\t\t\t<\/div>\n\t\t\t\t\t<\/div>\n\t\t\t\t<\/div>\n\t\t<div class=\"elementor-element elementor-element-5701d9b e-flex e-con-boxed e-con e-parent\" data-id=\"5701d9b\" data-element_type=\"container\" data-core-v316-plus=\"true\">\n\t\t\t\t\t<div class=\"e-con-inner\">\n\t\t<div class=\"elementor-element elementor-element-efd82d5 e-con-full e-flex e-con e-child\" data-id=\"efd82d5\" data-element_type=\"container\">\n\t\t\t\t<div class=\"elementor-element elementor-element-d6daedb elementor-widget elementor-widget-image\" data-id=\"d6daedb\" data-element_type=\"widget\" data-widget_type=\"image.default\">\n\t\t\t\t<div class=\"elementor-widget-container\">\n\t\t\t<style>\/*! elementor - v3.20.0 - 26-03-2024 *\/\n.elementor-widget-image{text-align:center}.elementor-widget-image a{display:inline-block}.elementor-widget-image a img[src$=\".svg\"]{width:48px}.elementor-widget-image img{vertical-align:middle;display:inline-block}<\/style>\t\t\t\t\t\t\t\t\t\t<img fetchpriority=\"high\" decoding=\"async\" width=\"498\" height=\"262\" src=\"https:\/\/trust2skills.com\/t2s\/wp-content\/uploads\/2024\/05\/coachingCarriere.png\" class=\"attachment-full size-full wp-image-27418\" alt=\"\" srcset=\"https:\/\/trust2skills.com\/t2s\/wp-content\/uploads\/2024\/05\/coachingCarriere.png 498w, https:\/\/trust2skills.com\/t2s\/wp-content\/uploads\/2024\/05\/coachingCarriere-300x158.png 300w\" sizes=\"(max-width: 498px) 100vw, 498px\" \/>\t\t\t\t\t\t\t\t\t\t\t\t\t<\/div>\n\t\t\t\t<\/div>\n\t\t\t\t<\/div>\n\t\t<div class=\"elementor-element elementor-element-0ee0a16 e-con-full e-flex e-con e-child\" data-id=\"0ee0a16\" data-element_type=\"container\">\n\t\t\t\t<div class=\"elementor-element elementor-element-4abb5ce elementor-widget elementor-widget-text-editor\" data-id=\"4abb5ce\" data-element_type=\"widget\" data-widget_type=\"text-editor.default\">\n\t\t\t\t<div class=\"elementor-widget-container\">\n\t\t\t<style>\/*! elementor - v3.20.0 - 26-03-2024 *\/\n.elementor-widget-text-editor.elementor-drop-cap-view-stacked .elementor-drop-cap{background-color:#69727d;color:#fff}.elementor-widget-text-editor.elementor-drop-cap-view-framed .elementor-drop-cap{color:#69727d;border:3px solid;background-color:transparent}.elementor-widget-text-editor:not(.elementor-drop-cap-view-default) .elementor-drop-cap{margin-top:8px}.elementor-widget-text-editor:not(.elementor-drop-cap-view-default) .elementor-drop-cap-letter{width:1em;height:1em}.elementor-widget-text-editor .elementor-drop-cap{float:left;text-align:center;line-height:1;font-size:50px}.elementor-widget-text-editor .elementor-drop-cap-letter{display:inline-block}<\/style>\t\t\t\t<p>Notre service de coaching de carri\u00e8re va vous booster!<\/p><p>\u00a0<\/p><p>Vous \u00eates arriv\u00e9 \u00e0 une \u00e9tape de votre vie professionnelle et vous voulez lui donner une orientation nouvelle? Ceci est pour vous.<\/p><p>Ensemble nous allons identifier les pistes d&rsquo;\u00e9volution en accord avec les exigences du march\u00e9 de l&#8217;emploi.<\/p><p>Cette \u00e9tape est le premier pas vers un \u00e9panouissement professionnel et n&rsquo;h\u00e9sitez pas \u00e0 le franchir.<\/p><p>Prenez contact avec nos \u00e9quipes, par\u00a0<a href=\"https:\/\/trust2skills.com\/t2s\/contacts\/\">mail<\/a>\u00a0ou via ce\u00a0<a href=\"https:\/\/docs.google.com\/forms\/d\/e\/1FAIpQLSeRMLlu5WM6LP0hdwlRMqU66jQzLSnH0i8CleDgwQQPOLSWHw\/viewform?usp=pp_url\">formulaire<\/a>\u00a0et, nous serons ravis de vous accompagner.<\/p><p>\u00c0 bient\u00f4t!<\/p>\t\t\t\t\t\t<\/div>\n\t\t\t\t<\/div>\n\t\t\t\t<\/div>\n\t\t\t\t\t<\/div>\n\t\t\t\t<\/div>\n\t\t\t\t<\/div>\n\t\t","protected":false},"excerpt":{"rendered":"<p>Coaching de carri\u00e8re Notre service de coaching de carri\u00e8re va vous booster! \u00a0 Vous \u00eates arriv\u00e9 \u00e0 une \u00e9tape de votre vie professionnelle et vous voulez lui donner une orientation nouvelle? Ceci est pour vous. Ensemble nous allons identifier les pistes d&rsquo;\u00e9volution en accord avec les exigences du march\u00e9 de l&#8217;emploi. Cette \u00e9tape est le [&hellip;]<\/p>\n","protected":false},"author":1,"featured_media":0,"parent":0,"menu_order":0,"comment_status":"closed","ping_status":"closed","template":"","meta":{"om_disable_all_campaigns":false,"_uag_custom_page_level_css":"","_monsterinsights_skip_tracking":false,"_monsterinsights_sitenote_active":false,"_monsterinsights_sitenote_note":"","_monsterinsights_sitenote_category":0,"_uf_show_specific_survey":0,"_uf_disable_surveys":false,"site-sidebar-layout":"no-sidebar","site-content-layout":"page-builder","ast-site-content-layout":"full-width-container","site-content-style":"default","site-sidebar-style":"default","ast-global-header-display":"","ast-banner-title-visibility":"","ast-main-header-display":"","ast-hfb-above-header-display":"","ast-hfb-below-header-display":"","ast-hfb-mobile-header-display":"","site-post-title":"disabled","ast-breadcrumbs-content":"","ast-featured-img":"disabled","footer-sml-layout":"","theme-transparent-header-meta":"","adv-header-id-meta":"","stick-header-meta":"","header-above-stick-meta":"","header-main-stick-meta":"","header-below-stick-meta":"","astra-migrate-meta-layouts":"set","ast-page-background-enabled":"default","ast-page-background-meta":{"desktop":{"background-color":"","background-image":"","background-repeat":"repeat","background-position":"center center","background-size":"auto","background-attachment":"scroll","background-type":"","background-media":"","overlay-type":"","overlay-color":"","overlay-gradient":""},"tablet":{"background-color":"","background-image":"","background-repeat":"repeat","background-position":"center center","background-size":"auto","background-attachment":"scroll","background-type":"","background-media":"","overlay-type":"","overlay-color":"","overlay-gradient":""},"mobile":{"background-color":"","background-image":"","background-repeat":"repeat","background-position":"center center","background-size":"auto","background-attachment":"scroll","background-type":"","background-media":"","overlay-type":"","overlay-color":"","overlay-gradient":""}},"ast-content-background-meta":{"desktop":{"background-color":"var(--ast-global-color-5)","background-image":"","background-repeat":"repeat","background-position":"center center","background-size":"auto","background-attachment":"scroll","background-type":"","background-media":"","overlay-type":"","overlay-color":"","overlay-gradient":""},"tablet":{"background-color":"var(--ast-global-color-5)","background-image":"","background-repeat":"repeat","background-position":"center center","background-size":"auto","background-attachment":"scroll","background-type":"","background-media":"","overlay-type":"","overlay-color":"","overlay-gradient":""},"mobile":{"background-color":"var(--ast-global-color-5)","background-image":"","background-repeat":"repeat","background-position":"center center","background-size":"auto","background-attachment":"scroll","background-type":"","background-media":"","overlay-type":"","overlay-color":"","overlay-gradient":""}},"footnotes":""},"class_list":["post-26498","page","type-page","status-publish","hentry"],"aioseo_notices":[],"uagb_featured_image_src":{"full":false,"thumbnail":false,"medium":false,"medium_large":false,"large":false,"1536x1536":false,"2048x2048":false},"uagb_author_info":{"display_name":"theycm","author_link":"https:\/\/trust2skills.com\/t2s\/author\/theycm\/"},"uagb_comment_info":0,"uagb_excerpt":"Coaching de carri\u00e8re Notre service de coaching de carri\u00e8re va vous booster! \u00a0 Vous \u00eates arriv\u00e9 \u00e0 une \u00e9tape de votre vie professionnelle et vous voulez lui donner une orientation nouvelle? Ceci est pour vous. Ensemble nous allons identifier les pistes d&rsquo;\u00e9volution en accord avec les exigences du march\u00e9 de l&#8217;emploi. Cette \u00e9tape est le\u2026","_links":{"self":[{"href":"https:\/\/trust2skills.com\/t2s\/wp-json\/wp\/v2\/pages\/26498","targetHints":{"allow":["GET"]}}],"collection":[{"href":"https:\/\/trust2skills.com\/t2s\/wp-json\/wp\/v2\/pages"}],"about":[{"href":"https:\/\/trust2skills.com\/t2s\/wp-json\/wp\/v2\/types\/page"}],"author":[{"embeddable":true,"href":"https:\/\/trust2skills.com\/t2s\/wp-json\/wp\/v2\/users\/1"}],"replies":[{"embeddable":true,"href":"https:\/\/trust2skills.com\/t2s\/wp-json\/wp\/v2\/comments?post=26498"}],"version-history":[{"count":7,"href":"https:\/\/trust2skills.com\/t2s\/wp-json\/wp\/v2\/pages\/26498\/revisions"}],"predecessor-version":[{"id":27421,"href":"https:\/\/trust2skills.com\/t2s\/wp-json\/wp\/v2\/pages\/26498\/revisions\/27421"}],"wp:attachment":[{"href":"https:\/\/trust2skills.com\/t2s\/wp-json\/wp\/v2\/media?parent=26498"}],"curies":[{"name":"wp","href":"https:\/\/api.w.org\/{rel}","templated":true}]}}