{"id":26499,"date":"2024-03-20T04:20:57","date_gmt":"2024-03-20T04:20:57","guid":{"rendered":"https:\/\/trust2skills.com\/t2s\/?page_id=26499"},"modified":"2024-05-03T20:28:57","modified_gmt":"2024-05-03T19:28:57","slug":"refonte-cv","status":"publish","type":"page","link":"https:\/\/trust2skills.com\/t2s\/refonte-cv\/","title":{"rendered":"Refonte CV"},"content":{"rendered":"\t\t<div data-elementor-type=\"wp-page\" data-elementor-id=\"26499\" class=\"elementor elementor-26499\">\n\t\t\t\t<div class=\"elementor-element elementor-element-5d2cd1c e-flex e-con-boxed e-con e-parent\" data-id=\"5d2cd1c\" data-element_type=\"container\" data-settings=\"{&quot;background_background&quot;:&quot;classic&quot;}\" data-core-v316-plus=\"true\">\n\t\t\t\t\t<div class=\"e-con-inner\">\n\t\t\t\t<div class=\"elementor-element elementor-element-b646795 elementor-widget elementor-widget-heading\" data-id=\"b646795\" data-element_type=\"widget\" data-widget_type=\"heading.default\">\n\t\t\t\t<div class=\"elementor-widget-container\">\n\t\t\t<style>\/*! elementor - v3.20.0 - 26-03-2024 *\/\n.elementor-heading-title{padding:0;margin:0;line-height:1}.elementor-widget-heading .elementor-heading-title[class*=elementor-size-]>a{color:inherit;font-size:inherit;line-height:inherit}.elementor-widget-heading .elementor-heading-title.elementor-size-small{font-size:15px}.elementor-widget-heading .elementor-heading-title.elementor-size-medium{font-size:19px}.elementor-widget-heading .elementor-heading-title.elementor-size-large{font-size:29px}.elementor-widget-heading .elementor-heading-title.elementor-size-xl{font-size:39px}.elementor-widget-heading .elementor-heading-title.elementor-size-xxl{font-size:59px}<\/style><h2 class=\"elementor-heading-title elementor-size-default\">Refonte CV <\/h2>\t\t<\/div>\n\t\t\t\t<\/div>\n\t\t\t\t\t<\/div>\n\t\t\t\t<\/div>\n\t\t<div class=\"elementor-element elementor-element-cd0fa88 e-flex e-con-boxed e-con e-parent\" data-id=\"cd0fa88\" data-element_type=\"container\" data-core-v316-plus=\"true\">\n\t\t\t\t\t<div class=\"e-con-inner\">\n\t\t<div class=\"elementor-element elementor-element-55ef9de e-con-full e-flex e-con e-child\" data-id=\"55ef9de\" data-element_type=\"container\">\n\t\t\t\t<div class=\"elementor-element elementor-element-5cb80b2 elementor-widget elementor-widget-image\" data-id=\"5cb80b2\" data-element_type=\"widget\" data-widget_type=\"image.default\">\n\t\t\t\t<div class=\"elementor-widget-container\">\n\t\t\t<style>\/*! elementor - v3.20.0 - 26-03-2024 *\/\n.elementor-widget-image{text-align:center}.elementor-widget-image a{display:inline-block}.elementor-widget-image a img[src$=\".svg\"]{width:48px}.elementor-widget-image img{vertical-align:middle;display:inline-block}<\/style>\t\t\t\t\t\t\t\t\t\t<img fetchpriority=\"high\" decoding=\"async\" width=\"512\" height=\"510\" src=\"https:\/\/trust2skills.com\/t2s\/wp-content\/uploads\/2024\/05\/CVrenew.png\" class=\"attachment-large size-large wp-image-27423\" alt=\"\" srcset=\"https:\/\/trust2skills.com\/t2s\/wp-content\/uploads\/2024\/05\/CVrenew.png 512w, https:\/\/trust2skills.com\/t2s\/wp-content\/uploads\/2024\/05\/CVrenew-300x300.png 300w, https:\/\/trust2skills.com\/t2s\/wp-content\/uploads\/2024\/05\/CVrenew-150x150.png 150w\" sizes=\"(max-width: 512px) 100vw, 512px\" \/>\t\t\t\t\t\t\t\t\t\t\t\t\t<\/div>\n\t\t\t\t<\/div>\n\t\t\t\t<\/div>\n\t\t<div class=\"elementor-element elementor-element-7f0317c e-con-full e-flex e-con e-child\" data-id=\"7f0317c\" data-element_type=\"container\">\n\t\t\t\t<div class=\"elementor-element elementor-element-8129935 elementor-widget elementor-widget-text-editor\" data-id=\"8129935\" data-element_type=\"widget\" data-widget_type=\"text-editor.default\">\n\t\t\t\t<div class=\"elementor-widget-container\">\n\t\t\t<style>\/*! elementor - v3.20.0 - 26-03-2024 *\/\n.elementor-widget-text-editor.elementor-drop-cap-view-stacked .elementor-drop-cap{background-color:#69727d;color:#fff}.elementor-widget-text-editor.elementor-drop-cap-view-framed .elementor-drop-cap{color:#69727d;border:3px solid;background-color:transparent}.elementor-widget-text-editor:not(.elementor-drop-cap-view-default) .elementor-drop-cap{margin-top:8px}.elementor-widget-text-editor:not(.elementor-drop-cap-view-default) .elementor-drop-cap-letter{width:1em;height:1em}.elementor-widget-text-editor .elementor-drop-cap{float:left;text-align:center;line-height:1;font-size:50px}.elementor-widget-text-editor .elementor-drop-cap-letter{display:inline-block}<\/style>\t\t\t\t<p><br><\/p>\n<p>Ne loupez pas l&rsquo;occasion de sortir du lot!&nbsp;<\/p>\n<p>C&rsquo;est la raison d&rsquo;\u00eatre de notre offre de refonte du CV<\/p>\n<p><span style=\"background-color: var(--ast-global-color-4); font-style: inherit; text-align: var(--text-align);\">Profitez d&rsquo;une relecture et d&rsquo;une r\u00e9\u00e9criture de compl\u00e8te de votre meilleur app\u00e2t, pour vous d\u00e9marquer parmi de nombreuses autres candidatures.<\/span><br><\/p>\n<p>Vous aurez ainsi l&rsquo;occasion de d\u00e9crocher un entretien d&#8217;embauche et de saisir l&rsquo;occasion de d\u00e9crocher le job de vos r\u00eaves.<\/p>\n<p><br><\/p>\n<p>Convaincus? Alors, prenez contact avec nos \u00e9quipes, par&nbsp;<a href=\"https:\/\/trust2skills.com\/t2s\/contacts\/\">mail<\/a>&nbsp;ou via ce&nbsp;<a href=\"https:\/\/docs.google.com\/forms\/d\/e\/1FAIpQLSeRMLlu5WM6LP0hdwlRMqU66jQzLSnH0i8CleDgwQQPOLSWHw\/viewform?usp=pp_url\">formulaire<\/a>&nbsp;et, nous serons ravis de vous accompagner.<\/p>\n<p>\u00c0 bient\u00f4t!<\/p>\n<p><\/p>\t\t\t\t\t\t<\/div>\n\t\t\t\t<\/div>\n\t\t\t\t<\/div>\n\t\t\t\t\t<\/div>\n\t\t\t\t<\/div>\n\t\t\t\t<\/div>\n\t\t","protected":false},"excerpt":{"rendered":"<p>Refonte CV Ne loupez pas l&rsquo;occasion de sortir du lot!&nbsp; C&rsquo;est la raison d&rsquo;\u00eatre de notre offre de refonte du CV Profitez d&rsquo;une relecture et d&rsquo;une r\u00e9\u00e9criture de compl\u00e8te de votre meilleur app\u00e2t, pour vous d\u00e9marquer parmi de nombreuses autres candidatures. Vous aurez ainsi l&rsquo;occasion de d\u00e9crocher un entretien d&#8217;embauche et de saisir l&rsquo;occasion de [&hellip;]<\/p>\n","protected":false},"author":1,"featured_media":0,"parent":0,"menu_order":0,"comment_status":"closed","ping_status":"closed","template":"","meta":{"om_disable_all_campaigns":false,"_uag_custom_page_level_css":"","_monsterinsights_skip_tracking":false,"_monsterinsights_sitenote_active":false,"_monsterinsights_sitenote_note":"","_monsterinsights_sitenote_category":0,"_uf_show_specific_survey":0,"_uf_disable_surveys":false,"site-sidebar-layout":"no-sidebar","site-content-layout":"page-builder","ast-site-content-layout":"full-width-container","site-content-style":"default","site-sidebar-style":"default","ast-global-header-display":"","ast-banner-title-visibility":"","ast-main-header-display":"","ast-hfb-above-header-display":"","ast-hfb-below-header-display":"","ast-hfb-mobile-header-display":"","site-post-title":"disabled","ast-breadcrumbs-content":"","ast-featured-img":"disabled","footer-sml-layout":"","theme-transparent-header-meta":"","adv-header-id-meta":"","stick-header-meta":"","header-above-stick-meta":"","header-main-stick-meta":"","header-below-stick-meta":"","astra-migrate-meta-layouts":"set","ast-page-background-enabled":"default","ast-page-background-meta":{"desktop":{"background-color":"","background-image":"","background-repeat":"repeat","background-position":"center center","background-size":"auto","background-attachment":"scroll","background-type":"","background-media":"","overlay-type":"","overlay-color":"","overlay-gradient":""},"tablet":{"background-color":"","background-image":"","background-repeat":"repeat","background-position":"center center","background-size":"auto","background-attachment":"scroll","background-type":"","background-media":"","overlay-type":"","overlay-color":"","overlay-gradient":""},"mobile":{"background-color":"","background-image":"","background-repeat":"repeat","background-position":"center center","background-size":"auto","background-attachment":"scroll","background-type":"","background-media":"","overlay-type":"","overlay-color":"","overlay-gradient":""}},"ast-content-background-meta":{"desktop":{"background-color":"var(--ast-global-color-5)","background-image":"","background-repeat":"repeat","background-position":"center center","background-size":"auto","background-attachment":"scroll","background-type":"","background-media":"","overlay-type":"","overlay-color":"","overlay-gradient":""},"tablet":{"background-color":"var(--ast-global-color-5)","background-image":"","background-repeat":"repeat","background-position":"center center","background-size":"auto","background-attachment":"scroll","background-type":"","background-media":"","overlay-type":"","overlay-color":"","overlay-gradient":""},"mobile":{"background-color":"var(--ast-global-color-5)","background-image":"","background-repeat":"repeat","background-position":"center center","background-size":"auto","background-attachment":"scroll","background-type":"","background-media":"","overlay-type":"","overlay-color":"","overlay-gradient":""}},"footnotes":""},"class_list":["post-26499","page","type-page","status-publish","hentry"],"aioseo_notices":[],"uagb_featured_image_src":{"full":false,"thumbnail":false,"medium":false,"medium_large":false,"large":false,"1536x1536":false,"2048x2048":false},"uagb_author_info":{"display_name":"theycm","author_link":"https:\/\/trust2skills.com\/t2s\/author\/theycm\/"},"uagb_comment_info":0,"uagb_excerpt":"Refonte CV Ne loupez pas l&rsquo;occasion de sortir du lot!&nbsp; C&rsquo;est la raison d&rsquo;\u00eatre de notre offre de refonte du CV Profitez d&rsquo;une relecture et d&rsquo;une r\u00e9\u00e9criture de compl\u00e8te de votre meilleur app\u00e2t, pour vous d\u00e9marquer parmi de nombreuses autres candidatures. Vous aurez ainsi l&rsquo;occasion de d\u00e9crocher un entretien d&#8217;embauche et de saisir l&rsquo;occasion de\u2026","_links":{"self":[{"href":"https:\/\/trust2skills.com\/t2s\/wp-json\/wp\/v2\/pages\/26499","targetHints":{"allow":["GET"]}}],"collection":[{"href":"https:\/\/trust2skills.com\/t2s\/wp-json\/wp\/v2\/pages"}],"about":[{"href":"https:\/\/trust2skills.com\/t2s\/wp-json\/wp\/v2\/types\/page"}],"author":[{"embeddable":true,"href":"https:\/\/trust2skills.com\/t2s\/wp-json\/wp\/v2\/users\/1"}],"replies":[{"embeddable":true,"href":"https:\/\/trust2skills.com\/t2s\/wp-json\/wp\/v2\/comments?post=26499"}],"version-history":[{"count":10,"href":"https:\/\/trust2skills.com\/t2s\/wp-json\/wp\/v2\/pages\/26499\/revisions"}],"predecessor-version":[{"id":27429,"href":"https:\/\/trust2skills.com\/t2s\/wp-json\/wp\/v2\/pages\/26499\/revisions\/27429"}],"wp:attachment":[{"href":"https:\/\/trust2skills.com\/t2s\/wp-json\/wp\/v2\/media?parent=26499"}],"curies":[{"name":"wp","href":"https:\/\/api.w.org\/{rel}","templated":true}]}}