{"id":26854,"date":"2024-03-23T10:55:17","date_gmt":"2024-03-23T10:55:17","guid":{"rendered":"https:\/\/trust2skills.com\/t2s\/?page_id=26854"},"modified":"2024-05-03T09:53:53","modified_gmt":"2024-05-03T08:53:53","slug":"pour-particulier","status":"publish","type":"page","link":"https:\/\/trust2skills.com\/t2s\/pour-particulier\/","title":{"rendered":"Pour particulier"},"content":{"rendered":"\t\t<div data-elementor-type=\"wp-page\" data-elementor-id=\"26854\" class=\"elementor elementor-26854\">\n\t\t\t\t<div class=\"elementor-element elementor-element-345bf4f e-flex e-con-boxed e-con e-parent\" data-id=\"345bf4f\" data-element_type=\"container\" data-settings=\"{&quot;background_background&quot;:&quot;classic&quot;}\" data-core-v316-plus=\"true\">\n\t\t\t\t\t<div class=\"e-con-inner\">\n\t\t\t\t<div class=\"elementor-element elementor-element-0108ffa elementor-widget elementor-widget-heading\" data-id=\"0108ffa\" data-element_type=\"widget\" data-widget_type=\"heading.default\">\n\t\t\t\t<div class=\"elementor-widget-container\">\n\t\t\t<style>\/*! elementor - v3.20.0 - 26-03-2024 *\/\n.elementor-heading-title{padding:0;margin:0;line-height:1}.elementor-widget-heading .elementor-heading-title[class*=elementor-size-]>a{color:inherit;font-size:inherit;line-height:inherit}.elementor-widget-heading .elementor-heading-title.elementor-size-small{font-size:15px}.elementor-widget-heading .elementor-heading-title.elementor-size-medium{font-size:19px}.elementor-widget-heading .elementor-heading-title.elementor-size-large{font-size:29px}.elementor-widget-heading .elementor-heading-title.elementor-size-xl{font-size:39px}.elementor-widget-heading .elementor-heading-title.elementor-size-xxl{font-size:59px}<\/style><h2 class=\"elementor-heading-title elementor-size-default\">Pour particuliers<\/h2>\t\t<\/div>\n\t\t\t\t<\/div>\n\t\t\t\t\t<\/div>\n\t\t\t\t<\/div>\n\t\t<div class=\"elementor-element elementor-element-2418859 e-flex e-con-boxed e-con e-parent\" data-id=\"2418859\" data-element_type=\"container\" data-core-v316-plus=\"true\">\n\t\t\t\t\t<div class=\"e-con-inner\">\n\t\t<div class=\"elementor-element elementor-element-d313fee e-con-full e-flex e-con e-child\" data-id=\"d313fee\" data-element_type=\"container\">\n\t\t\t\t<div class=\"elementor-element elementor-element-86e1407 elementor-widget elementor-widget-image\" data-id=\"86e1407\" data-element_type=\"widget\" data-widget_type=\"image.default\">\n\t\t\t\t<div class=\"elementor-widget-container\">\n\t\t\t<style>\/*! elementor - v3.20.0 - 26-03-2024 *\/\n.elementor-widget-image{text-align:center}.elementor-widget-image a{display:inline-block}.elementor-widget-image a img[src$=\".svg\"]{width:48px}.elementor-widget-image img{vertical-align:middle;display:inline-block}<\/style>\t\t\t\t\t\t\t\t\t\t<img fetchpriority=\"high\" decoding=\"async\" width=\"470\" height=\"307\" src=\"https:\/\/trust2skills.com\/t2s\/wp-content\/uploads\/2024\/05\/pdca.png\" class=\"attachment-large size-large wp-image-27413\" alt=\"\" srcset=\"https:\/\/trust2skills.com\/t2s\/wp-content\/uploads\/2024\/05\/pdca.png 470w, https:\/\/trust2skills.com\/t2s\/wp-content\/uploads\/2024\/05\/pdca-300x196.png 300w\" sizes=\"(max-width: 470px) 100vw, 470px\" \/>\t\t\t\t\t\t\t\t\t\t\t\t\t<\/div>\n\t\t\t\t<\/div>\n\t\t\t\t<\/div>\n\t\t<div class=\"elementor-element elementor-element-265617a e-con-full e-flex e-con e-child\" data-id=\"265617a\" data-element_type=\"container\">\n\t\t\t\t<div class=\"elementor-element elementor-element-b476c48 elementor-widget elementor-widget-text-editor\" data-id=\"b476c48\" data-element_type=\"widget\" data-widget_type=\"text-editor.default\">\n\t\t\t\t<div class=\"elementor-widget-container\">\n\t\t\t<style>\/*! elementor - v3.20.0 - 26-03-2024 *\/\n.elementor-widget-text-editor.elementor-drop-cap-view-stacked .elementor-drop-cap{background-color:#69727d;color:#fff}.elementor-widget-text-editor.elementor-drop-cap-view-framed .elementor-drop-cap{color:#69727d;border:3px solid;background-color:transparent}.elementor-widget-text-editor:not(.elementor-drop-cap-view-default) .elementor-drop-cap{margin-top:8px}.elementor-widget-text-editor:not(.elementor-drop-cap-view-default) .elementor-drop-cap-letter{width:1em;height:1em}.elementor-widget-text-editor .elementor-drop-cap{float:left;text-align:center;line-height:1;font-size:50px}.elementor-widget-text-editor .elementor-drop-cap-letter{display:inline-block}<\/style>\t\t\t\t<p><span style=\"font-style: inherit; font-weight: inherit; text-align: var(--text-align); background-color: var(--ast-global-color-4);\">ChezTrust2Skills(T2S), nous avons ax\u00e9 notre strat\u00e9gie sur la satisfaction de l\u2019humain,<\/span><\/p><p>Nous souhaitons donc, nous positionner de fa\u00e7on diff\u00e9rente sur le march\u00e9 et pour cela, notre offre pour particuliers est pens\u00e9e pour r\u00e9pondre \u00e0 vos besoins. Nous pouvons de ce fait vous accompagner de mani\u00e8re personnalis\u00e9e, dans les phases suivantes:<\/p><p>\u00a0&#8211; <a href=\"https:\/\/trust2skills.com\/t2s\/coaching-de-carriere\/\">Le\u00a0<span style=\"text-align: var(--text-align); background-color: var(--ast-global-color-4); font-size: 1rem;\">Coaching de carri\u00e8re<\/span><\/a><\/p><p><span style=\"text-align: var(--text-align); background-color: var(--ast-global-color-4); font-size: 1rem;\">\u00a0&#8211; <a href=\"https:\/\/trust2skills.com\/t2s\/refonte-cv\/\">La refonte de votre CV<\/a><\/span><\/p><p><span style=\"text-align: var(--text-align); background-color: var(--ast-global-color-4); font-size: 1rem;\">\u00a0&#8211; <a href=\"https:\/\/trust2skills.com\/t2s\/reussir-son-entretien-comme-it\/\">La pr\u00e9paration de votre entretien d&#8217;embauche<\/a><\/span><\/p><p><span style=\"text-align: var(--text-align); background-color: var(--ast-global-color-4); font-size: 1rem;\">\u00a0&#8211;<a href=\"https:\/\/trust2skills.com\/t2s\/reussir-son-expatriation\/\"> La pr\u00e9paration \u00e0 votre expatriation<\/a><\/span><\/p><p><span style=\"text-align: var(--text-align); background-color: var(--ast-global-color-4); font-size: 1rem;\">\u00a0Et , ce n&rsquo;est pas tout car nous serons \u00e0 vos cot\u00e9s, afin d&rsquo;\u00e9valuer r\u00e9guli\u00e8rement vos r\u00e9sultats.<\/span><\/p><p>Prenez contact avec nos \u00e9quipes, par <a href=\"https:\/\/trust2skills.com\/t2s\/contacts\/\">mail<\/a> ou via ce <a href=\"https:\/\/docs.google.com\/forms\/d\/e\/1FAIpQLSeRMLlu5WM6LP0hdwlRMqU66jQzLSnH0i8CleDgwQQPOLSWHw\/viewform?usp=pp_url\">formulaire<\/a> et, nous serons ravis de vous accompagner.<\/p><p>\u00c0 bient\u00f4t!<\/p><p><span style=\"font-weight: bold; text-align: var(--text-align); background-color: var(--ast-global-color-4); font-size: 1rem;\">\u00a0<\/span><\/p><p>\u00a0<\/p>\t\t\t\t\t\t<\/div>\n\t\t\t\t<\/div>\n\t\t\t\t<\/div>\n\t\t\t\t\t<\/div>\n\t\t\t\t<\/div>\n\t\t\t\t<\/div>\n\t\t","protected":false},"excerpt":{"rendered":"<p>Pour particuliers ChezTrust2Skills(T2S), nous avons ax\u00e9 notre strat\u00e9gie sur la satisfaction de l\u2019humain, Nous souhaitons donc, nous positionner de fa\u00e7on diff\u00e9rente sur le march\u00e9 et pour cela, notre offre pour particuliers est pens\u00e9e pour r\u00e9pondre \u00e0 vos besoins. Nous pouvons de ce fait vous accompagner de mani\u00e8re personnalis\u00e9e, dans les phases suivantes: \u00a0&#8211; Le\u00a0Coaching de [&hellip;]<\/p>\n","protected":false},"author":1,"featured_media":0,"parent":0,"menu_order":0,"comment_status":"closed","ping_status":"closed","template":"","meta":{"om_disable_all_campaigns":false,"_uag_custom_page_level_css":"","_monsterinsights_skip_tracking":false,"_monsterinsights_sitenote_active":false,"_monsterinsights_sitenote_note":"","_monsterinsights_sitenote_category":0,"_uf_show_specific_survey":0,"_uf_disable_surveys":false,"site-sidebar-layout":"no-sidebar","site-content-layout":"page-builder","ast-site-content-layout":"full-width-container","site-content-style":"default","site-sidebar-style":"default","ast-global-header-display":"","ast-banner-title-visibility":"","ast-main-header-display":"","ast-hfb-above-header-display":"","ast-hfb-below-header-display":"","ast-hfb-mobile-header-display":"","site-post-title":"disabled","ast-breadcrumbs-content":"","ast-featured-img":"disabled","footer-sml-layout":"","theme-transparent-header-meta":"","adv-header-id-meta":"","stick-header-meta":"","header-above-stick-meta":"","header-main-stick-meta":"","header-below-stick-meta":"","astra-migrate-meta-layouts":"set","ast-page-background-enabled":"default","ast-page-background-meta":{"desktop":{"background-color":"","background-image":"","background-repeat":"repeat","background-position":"center center","background-size":"auto","background-attachment":"scroll","background-type":"","background-media":"","overlay-type":"","overlay-color":"","overlay-gradient":""},"tablet":{"background-color":"","background-image":"","background-repeat":"repeat","background-position":"center center","background-size":"auto","background-attachment":"scroll","background-type":"","background-media":"","overlay-type":"","overlay-color":"","overlay-gradient":""},"mobile":{"background-color":"","background-image":"","background-repeat":"repeat","background-position":"center center","background-size":"auto","background-attachment":"scroll","background-type":"","background-media":"","overlay-type":"","overlay-color":"","overlay-gradient":""}},"ast-content-background-meta":{"desktop":{"background-color":"var(--ast-global-color-5)","background-image":"","background-repeat":"repeat","background-position":"center center","background-size":"auto","background-attachment":"scroll","background-type":"","background-media":"","overlay-type":"","overlay-color":"","overlay-gradient":""},"tablet":{"background-color":"var(--ast-global-color-5)","background-image":"","background-repeat":"repeat","background-position":"center center","background-size":"auto","background-attachment":"scroll","background-type":"","background-media":"","overlay-type":"","overlay-color":"","overlay-gradient":""},"mobile":{"background-color":"var(--ast-global-color-5)","background-image":"","background-repeat":"repeat","background-position":"center center","background-size":"auto","background-attachment":"scroll","background-type":"","background-media":"","overlay-type":"","overlay-color":"","overlay-gradient":""}},"footnotes":""},"class_list":["post-26854","page","type-page","status-publish","hentry"],"aioseo_notices":[],"uagb_featured_image_src":{"full":false,"thumbnail":false,"medium":false,"medium_large":false,"large":false,"1536x1536":false,"2048x2048":false},"uagb_author_info":{"display_name":"theycm","author_link":"https:\/\/trust2skills.com\/t2s\/author\/theycm\/"},"uagb_comment_info":0,"uagb_excerpt":"Pour particuliers ChezTrust2Skills(T2S), nous avons ax\u00e9 notre strat\u00e9gie sur la satisfaction de l\u2019humain, Nous souhaitons donc, nous positionner de fa\u00e7on diff\u00e9rente sur le march\u00e9 et pour cela, notre offre pour particuliers est pens\u00e9e pour r\u00e9pondre \u00e0 vos besoins. Nous pouvons de ce fait vous accompagner de mani\u00e8re personnalis\u00e9e, dans les phases suivantes: \u00a0&#8211; Le\u00a0Coaching de\u2026","_links":{"self":[{"href":"https:\/\/trust2skills.com\/t2s\/wp-json\/wp\/v2\/pages\/26854","targetHints":{"allow":["GET"]}}],"collection":[{"href":"https:\/\/trust2skills.com\/t2s\/wp-json\/wp\/v2\/pages"}],"about":[{"href":"https:\/\/trust2skills.com\/t2s\/wp-json\/wp\/v2\/types\/page"}],"author":[{"embeddable":true,"href":"https:\/\/trust2skills.com\/t2s\/wp-json\/wp\/v2\/users\/1"}],"replies":[{"embeddable":true,"href":"https:\/\/trust2skills.com\/t2s\/wp-json\/wp\/v2\/comments?post=26854"}],"version-history":[{"count":10,"href":"https:\/\/trust2skills.com\/t2s\/wp-json\/wp\/v2\/pages\/26854\/revisions"}],"predecessor-version":[{"id":27416,"href":"https:\/\/trust2skills.com\/t2s\/wp-json\/wp\/v2\/pages\/26854\/revisions\/27416"}],"wp:attachment":[{"href":"https:\/\/trust2skills.com\/t2s\/wp-json\/wp\/v2\/media?parent=26854"}],"curies":[{"name":"wp","href":"https:\/\/api.w.org\/{rel}","templated":true}]}}